{"id":1154,"date":"2024-07-12T17:38:39","date_gmt":"2024-07-12T15:38:39","guid":{"rendered":"https:\/\/zituene.eus\/denda\/sin%20categor\u00eda\/espirales-de-curcuma\/"},"modified":"2024-12-23T15:44:03","modified_gmt":"2024-12-23T13:44:03","slug":"espirales-de-curcuma","status":"publish","type":"product","link":"https:\/\/zituene.eus\/es\/denda\/envasados\/espirales-de-curcuma\/","title":{"rendered":"Espirales de C\u00farcuma"},"content":{"rendered":"<p><span style=\"font-size: medium;\">Espirales secas elaboradas a base de s\u00e9mola blanca ecol\u00f3gica de Trigo Duro y C\u00farcuma ecol\u00f3gica en polvo, paquete de 400 gramos.<\/span><\/p>\n","protected":false},"excerpt":{"rendered":"<p>Espirales secas elaboradas a base de s\u00e9mola blanca ecol\u00f3gica de Trigo Duro y C\u00farcuma ecol\u00f3gica en polvo, paquete de 400 gramos.<\/p>\n","protected":false},"featured_media":534,"comment_status":"open","ping_status":"closed","template":"","meta":[],"product_cat":[37],"product_tag":[],"class_list":{"0":"post-1154","1":"product","2":"type-product","3":"status-publish","4":"has-post-thumbnail","6":"product_cat-envasados","8":"first","9":"instock","10":"taxable","11":"shipping-taxable","12":"purchasable","13":"product-type-simple"},"_links":{"self":[{"href":"https:\/\/zituene.eus\/es\/wp-json\/wp\/v2\/product\/1154","targetHints":{"allow":["GET"]}}],"collection":[{"href":"https:\/\/zituene.eus\/es\/wp-json\/wp\/v2\/product"}],"about":[{"href":"https:\/\/zituene.eus\/es\/wp-json\/wp\/v2\/types\/product"}],"replies":[{"embeddable":true,"href":"https:\/\/zituene.eus\/es\/wp-json\/wp\/v2\/comments?post=1154"}],"wp:featuredmedia":[{"embeddable":true,"href":"https:\/\/zituene.eus\/es\/wp-json\/wp\/v2\/media\/534"}],"wp:attachment":[{"href":"https:\/\/zituene.eus\/es\/wp-json\/wp\/v2\/media?parent=1154"}],"wp:term":[{"taxonomy":"product_cat","embeddable":true,"href":"https:\/\/zituene.eus\/es\/wp-json\/wp\/v2\/product_cat?post=1154"},{"taxonomy":"product_tag","embeddable":true,"href":"https:\/\/zituene.eus\/es\/wp-json\/wp\/v2\/product_tag?post=1154"}],"curies":[{"name":"wp","href":"https:\/\/api.w.org\/{rel}","templated":true}]}}